{"id":210,"date":"2021-05-13T18:05:21","date_gmt":"2021-05-13T21:05:21","guid":{"rendered":"http:\/\/proyectommm.unam.edu.ar\/?page_id=210"},"modified":"2021-05-13T18:26:32","modified_gmt":"2021-05-13T21:26:32","slug":"charla-por-el-dia-nacional-de-los-monumentos-en-san-pedro-y-visita-al-parador-turistico","status":"publish","type":"page","link":"https:\/\/proyectommm.unam.edu.ar\/?page_id=210","title":{"rendered":"CHARLA POR EL D\u00cdA NACIONAL DE LOS MONUMENTOS EN SAN PEDRO y VISITA AL PARADOR TUR\u00cdSTICO"},"content":{"rendered":"\n<figure class=\"wp-block-image size-large\"><img loading=\"lazy\" decoding=\"async\" width=\"583\" height=\"187\" src=\"https:\/\/proyectommm.unam.edu.ar\/wp-content\/uploads\/2021\/05\/image-32.png\" alt=\"\" class=\"wp-image-220\" srcset=\"https:\/\/proyectommm.unam.edu.ar\/wp-content\/uploads\/2021\/05\/image-32.png 583w, https:\/\/proyectommm.unam.edu.ar\/wp-content\/uploads\/2021\/05\/image-32-300x96.png 300w\" sizes=\"auto, (max-width: 583px) 100vw, 583px\" \/><\/figure>\n\n\n\n<p>El 6 de mayo de 2018, en el marco de las actividades por el D\u00eda Nacional de los Monumentos, realizamos una Charla en el HCD de San Pedro, con la asistencia de estudiantes y p\u00fablico en general.&nbsp; All\u00ed comentamos sobre la historia del Parador Tur\u00edstico y lo que significan los monumentos para la memoria de un pueblo. Luego realizamos una visita guiada al edificio acompa\u00f1ados de integrantes del equipo del MMM-3.<\/p>\n\n\n\n<figure class=\"wp-block-image size-large\"><img loading=\"lazy\" decoding=\"async\" width=\"589\" height=\"315\" src=\"https:\/\/proyectommm.unam.edu.ar\/wp-content\/uploads\/2021\/05\/image-33.png\" alt=\"\u201cLos artefactos de la memoria permanecen porque significan y \u201ccontienen\u201d algo que la sociedad le ha depositado: sus experiencias.\u201d \n(Mendoza Garc\u00eda, 2008: 108)\n\" class=\"wp-image-221\" srcset=\"https:\/\/proyectommm.unam.edu.ar\/wp-content\/uploads\/2021\/05\/image-33.png 589w, https:\/\/proyectommm.unam.edu.ar\/wp-content\/uploads\/2021\/05\/image-33-300x160.png 300w\" sizes=\"auto, (max-width: 589px) 100vw, 589px\" \/><figcaption>\u201cLos artefactos de la memoria permanecen porque significan y \u201ccontienen\u201d algo que la sociedad le ha depositado: sus experiencias.\u201d<br>(Mendoza Garc\u00eda, 2008: 108)<br><br><br><\/figcaption><\/figure>\n\n\n\n<p><strong>REPERCUSIONES<\/strong><\/p>\n\n\n\n<figure class=\"wp-block-image size-large\"><img loading=\"lazy\" decoding=\"async\" width=\"502\" height=\"340\" src=\"https:\/\/proyectommm.unam.edu.ar\/wp-content\/uploads\/2021\/05\/image-35.png\" alt=\"\" class=\"wp-image-224\" srcset=\"https:\/\/proyectommm.unam.edu.ar\/wp-content\/uploads\/2021\/05\/image-35.png 502w, https:\/\/proyectommm.unam.edu.ar\/wp-content\/uploads\/2021\/05\/image-35-300x203.png 300w\" sizes=\"auto, (max-width: 502px) 100vw, 502px\" \/><figcaption><br><br><br>&lt;!&#8211; \/* Font Definitions *\/ @font-face {font-family:&#8221;Cambria Math&#8221;; panose-1:2 4 5 3 5 4 6 3 2 4; mso-font-charset:1; mso-generic-font-family:roman; mso-font-pitch:variable; mso-font-signature:0 0 0 0 0 0;} @font-face {font-family:Calibri; panose-1:2 15 5 2 2 2 4 3 2 4; mso-font-charset:0; mso-generic-font-family:swiss; mso-font-pitch:variable; mso-font-signature:-469750017 -1073732485 9 0 511 0;} \/* Style Definitions *\/ p.MsoNormal, li.MsoNormal, div.MsoNormal {mso-style-unhide:no; mso-style-qformat:yes; mso-style-parent:&#8221;&#8221;; margin-top:0cm; margin-right:0cm; margin-bottom:8.0pt; margin-left:0cm; line-height:107%; mso-pagination:widow-orphan; font-size:11.0pt; font-family:&#8221;Calibri&#8221;,sans-serif; mso-ascii-font-family:Calibri; mso-ascii-theme-font:minor-latin; mso-fareast-font-family:Calibri; mso-fareast-theme-font:minor-latin; mso-hansi-font-family:Calibri; mso-hansi-theme-font:minor-latin; mso-bidi-font-family:&#8221;Times New Roman&#8221;; mso-bidi-theme-font:minor-bidi; mso-ansi-language:ES-AR; mso-fareast-language:EN-US;} a:link, span.MsoHyperlink {mso-style-priority:99; color:#0563C1; mso-themecolor:hyperlink; text-decoration:underline; text-underline:single;} a:visited, span.MsoHyperlinkFollowed {mso-style-noshow:yes; mso-style-priority:99; color:#954F72; mso-themecolor:followedhyperlink; text-decoration:underline; text-underline:single;} .MsoChpDefault {mso-style-type:export-only; mso-default-props:yes; font-family:&#8221;Calibri&#8221;,sans-serif; mso-ascii-font-family:Calibri; mso-ascii-theme-font:minor-latin; mso-fareast-font-family:Calibri; mso-fareast-theme-font:minor-latin; mso-hansi-font-family:Calibri; mso-hansi-theme-font:minor-latin; mso-bidi-font-family:&#8221;Times New Roman&#8221;; mso-bidi-theme-font:minor-bidi; mso-ansi-language:ES-AR; mso-fareast-language:EN-US;} .MsoPapDefault {mso-style-type:export-only; margin-bottom:8.0pt; line-height:107%;} @page WordSection1 {size:612.0pt 792.0pt; margin:70.85pt 3.0cm 70.85pt 3.0cm; mso-header-margin:36.0pt; mso-footer-margin:36.0pt; mso-paper-source:0;} div.WordSection1 {page:WordSection1;} &#8211;&gt;<br><em>La obra de San Pedro fue identificada en el a\u00f1o 2015 por los integrantes del proyecto quienes desde la fecha buscan que el Honorable Concejo Deliberante pueda declararlo patrimonio municipal. \u201cLuego del trabajo de relevamiento y armando del legajo donde se detalla el estado de la obra, es la primera vez que podemos presentarlo ante tantos alumnos, lo que es un doble festejo para nosotros, b\u00e1sicamente lo que queremos lograr es que toda la poblaci\u00f3n tenga conocimiento acerca de la importancia de esta obra, en la charla vamos a presentar todas las caracter\u00edsticas del proyecto Movimiento Moderno desarrollado en la \u00e9poca de la provincializaci\u00f3n de Misiones y luego poder observarlas durante la visita guiada al parador\u201d, indic\u00f3 a El Territorio la arquitecta Agustina Basile. (<\/em><a href=\"https:\/\/www.elterritorio.com.ar\/noticias\/2019\/05\/07\/621994-enriquecedora-charla-para-poner-en-valor-la-obra-de-clorindo-testa-en-san-pedro\"><em>Diario El Territorio<\/em><\/a><em>)<\/em><\/figcaption><\/figure>\n\n\n\n<figure class=\"wp-block-image size-large\"><img loading=\"lazy\" decoding=\"async\" width=\"492\" height=\"305\" src=\"https:\/\/proyectommm.unam.edu.ar\/wp-content\/uploads\/2021\/05\/image-36.png\" alt=\"\" class=\"wp-image-225\" srcset=\"https:\/\/proyectommm.unam.edu.ar\/wp-content\/uploads\/2021\/05\/image-36.png 492w, https:\/\/proyectommm.unam.edu.ar\/wp-content\/uploads\/2021\/05\/image-36-300x186.png 300w\" sizes=\"auto, (max-width: 492px) 100vw, 492px\" \/><figcaption>Durante ayer, lunes, se concret\u00f3 en la capital de la Araucaria una importante charla sobre el parador tur\u00edstico de San Pedro, obra del recocido arquitecto argentino Clorindo Testa. La jornada se realiz\u00f3 en el marco del d\u00eda de los monumentos nacionales y tuvo como principal objetivo dar a conocer valioso patrimonio y concientizar, tanto a la poblaci\u00f3n como a las autoridades locales para que lo declaren patrimonio municipal. (Diario El Territorio)<\/figcaption><\/figure>\n","protected":false},"excerpt":{"rendered":"<p>El 6 de mayo de 2018, en el marco de las actividades por el D\u00eda Nacional de los Monumentos, realizamos una Charla en el HCD de San Pedro, con la asistencia de estudiantes y p\u00fablico en general.&nbsp; All\u00ed comentamos sobre &hellip; <a href=\"https:\/\/proyectommm.unam.edu.ar\/?page_id=210\">Continued<\/a><\/p>\n","protected":false},"author":2,"featured_media":220,"parent":0,"menu_order":0,"comment_status":"closed","ping_status":"closed","template":"","meta":{"kt_blocks_editor_width":"","footnotes":""},"class_list":["post-210","page","type-page","status-publish","has-post-thumbnail","hentry"],"_links":{"self":[{"href":"https:\/\/proyectommm.unam.edu.ar\/index.php?rest_route=\/wp\/v2\/pages\/210","targetHints":{"allow":["GET"]}}],"collection":[{"href":"https:\/\/proyectommm.unam.edu.ar\/index.php?rest_route=\/wp\/v2\/pages"}],"about":[{"href":"https:\/\/proyectommm.unam.edu.ar\/index.php?rest_route=\/wp\/v2\/types\/page"}],"author":[{"embeddable":true,"href":"https:\/\/proyectommm.unam.edu.ar\/index.php?rest_route=\/wp\/v2\/users\/2"}],"replies":[{"embeddable":true,"href":"https:\/\/proyectommm.unam.edu.ar\/index.php?rest_route=%2Fwp%2Fv2%2Fcomments&post=210"}],"version-history":[{"count":3,"href":"https:\/\/proyectommm.unam.edu.ar\/index.php?rest_route=\/wp\/v2\/pages\/210\/revisions"}],"predecessor-version":[{"id":231,"href":"https:\/\/proyectommm.unam.edu.ar\/index.php?rest_route=\/wp\/v2\/pages\/210\/revisions\/231"}],"wp:featuredmedia":[{"embeddable":true,"href":"https:\/\/proyectommm.unam.edu.ar\/index.php?rest_route=\/wp\/v2\/media\/220"}],"wp:attachment":[{"href":"https:\/\/proyectommm.unam.edu.ar\/index.php?rest_route=%2Fwp%2Fv2%2Fmedia&parent=210"}],"curies":[{"name":"wp","href":"https:\/\/api.w.org\/{rel}","templated":true}]}}