{"id":212,"date":"2021-05-13T18:05:41","date_gmt":"2021-05-13T21:05:41","guid":{"rendered":"http:\/\/proyectommm.unam.edu.ar\/?page_id=212"},"modified":"2021-05-13T18:25:56","modified_gmt":"2021-05-13T21:25:56","slug":"el-parador-turistico-de-san-pedro","status":"publish","type":"page","link":"https:\/\/proyectommm.unam.edu.ar\/?page_id=212","title":{"rendered":"EL PARADOR TUR\u00cdSTICO DE SAN PEDRO"},"content":{"rendered":"\n<p>Fue dise\u00f1ado por los Arquitectos Clorindo Testa, Boris Davinovic, Augusto Gaido, Francisco Rossi. El edificio se construy\u00f3 a fines de la D\u00e9cada del 50. No ha llegado a funcionar como parador, pero fue utilizado como Hospital de San Pedro hasta que \u00e9ste \u00faltimo fue trasladado a su actual ubicaci\u00f3n. Tambi\u00e9n fue utilizado como albergue. Hoy d\u00eda parte de sus instalaciones funcionan como el Asilo de Ancianos, la Radio Experiencia Radial y parte del destacamento de Bomberos Voluntarios de San Pedro.<\/p>\n\n\n\n<figure class=\"wp-block-image size-large is-style-default\"><img loading=\"lazy\" decoding=\"async\" width=\"373\" height=\"257\" src=\"https:\/\/proyectommm.unam.edu.ar\/wp-content\/uploads\/2021\/05\/image-28.png\" alt=\"\" class=\"wp-image-214\" srcset=\"https:\/\/proyectommm.unam.edu.ar\/wp-content\/uploads\/2021\/05\/image-28.png 373w, https:\/\/proyectommm.unam.edu.ar\/wp-content\/uploads\/2021\/05\/image-28-300x207.png 300w\" sizes=\"auto, (max-width: 373px) 100vw, 373px\" \/><\/figure>\n\n\n\n<p><strong>TESTIMONIOS<\/strong><\/p>\n\n\n\n<figure class=\"wp-block-image size-large is-style-rounded\"><img loading=\"lazy\" decoding=\"async\" width=\"311\" height=\"196\" src=\"https:\/\/proyectommm.unam.edu.ar\/wp-content\/uploads\/2021\/05\/image-29.png\" alt=\"\" class=\"wp-image-216\" srcset=\"https:\/\/proyectommm.unam.edu.ar\/wp-content\/uploads\/2021\/05\/image-29.png 311w, https:\/\/proyectommm.unam.edu.ar\/wp-content\/uploads\/2021\/05\/image-29-300x189.png 300w\" sizes=\"auto, (max-width: 311px) 100vw, 311px\" \/><figcaption><br>Magdalena Arruti<br>Foto y testimonio elaborado por el equipo<br><br><br><\/figcaption><\/figure>\n\n\n\n<p><em>\u201cEl hotel estaba reci\u00e9n terminado, era hermoso. El lugar no estaba hecho para hospital, sino para hotel, pero nosotros invadimos, llegamos y dijimos \u201c\u00e9sta va a ser la sala de mujeres, \u00e9sta la de hombres\u201d y as\u00ed fue. Nosotros usamos el lugar como estaba, no dividimos nada, no tocamos las paredes, nada. Otra sala usamos para consultorio, otra para operaci\u00f3n. Nos cambiamos ah\u00ed en el a\u00f1o \u201963. Ese lugar nunca funcion\u00f3 como hotel, estaba la cocina, con todo, todo para hotel, pero se us\u00f3 para hospital. Y las camillas se trajo todo de all\u00e1 de Lor\u00e9fice, si all\u00e1 estaba completo aquello.\u201d (Magdalena Arruti, enfermera)<\/em><\/p>\n\n\n\n<p><em>\u201cEs la intensidad emocional (alta o baja) la que los vuelve memorables, no su valencia (agradable o desagradable). Recordamos con m\u00e1s profusi\u00f3n de detalles los sucesos emocionalmente significativos que los hechos rutinarios con baja implicaci\u00f3n emocional\u201d (Baddeley et al, 2009 en Solcoff, 2016)<\/em><\/p>\n\n\n\n<figure class=\"wp-block-image size-large is-style-rounded\"><img loading=\"lazy\" decoding=\"async\" width=\"361\" height=\"280\" src=\"https:\/\/proyectommm.unam.edu.ar\/wp-content\/uploads\/2021\/05\/image-30.png\" alt=\"\" class=\"wp-image-217\" srcset=\"https:\/\/proyectommm.unam.edu.ar\/wp-content\/uploads\/2021\/05\/image-30.png 361w, https:\/\/proyectommm.unam.edu.ar\/wp-content\/uploads\/2021\/05\/image-30-300x233.png 300w\" sizes=\"auto, (max-width: 361px) 100vw, 361px\" \/><\/figure>\n\n\n\n<p>Antonio da Silva y compa\u00f1eros en techo de antiguo Hospital de San Pedro. A\u00f1o 1967<br>Fuente: Colecci\u00f3n Permanente del Museo Cacique Bonifacio Maydana<\/p>\n\n\n\n<p>\u201cViv\u00eda en un lugar que hab\u00edamos tomado nosotros, all\u00e1 arriba en un lugar que estaba destinado a ser un hotel de turismo y que nunca cumpli\u00f3 esa funci\u00f3n. Pero que un se\u00f1or de apellido Dornelles que estaba a cargo de eso nos autoriz\u00f3 e ingresamos. Los docentes hab\u00edamos tomado la parte de lo que era las piezas con los ba\u00f1os. Creo que eran ocho piezas con un ba\u00f1o entre cada uno. O sea que eran ocho piezas y cuatro ba\u00f1os. Y all\u00ed pas\u00e1bamos genial porque viv\u00edamos un grupo de gente joven y la parte del comedor y de todo el lugar de estar y todo eso que ten\u00eda el hotel lo ocup\u00f3 el doctor G\u00f3mez, un joven m\u00e9dico de la provincia de Buenos Aires que en esos primeros a\u00f1os estaba haciendo sus primeras experiencias all\u00ed en San Pedro. Viv\u00edamos ah\u00ed as\u00ed que no gast\u00e1bamos nada y yo como les cont\u00e9 me hab\u00eda hecho ahijado de don Rodr\u00edguez y donde pas\u00e9 momentos hermosos porque ah\u00ed se hac\u00edan lindas reuniones y hab\u00eda lindas conversaciones con gente muy preparada que en aquellos tiempos recorr\u00eda la provincia sobre todo la zona norte.\u201d (Antonio Da Silva, docente \u2013 Entrevista y fotograf\u00eda: Gentileza de Nicol\u00e1s Botacastelli)<\/p>\n\n\n\n<p>\u201cLa memoria (\u2026) no es un almac\u00e9n pasivo de experiencias pasadas sino m\u00e1s bien una fuente de reminscencias que se manipula y transforma a partir de las experiencias presentes\u201d<br>(Singer Gonz\u00e1lez, D. 2008: 47)<\/p>\n\n\n\n<p>REPERCUSIONES EN UNA PUBLICACI\u00d3N DE LA FOTO DEL PARADOR TUR\u00cdSTICO EN EL FACEBOOK \u201cLA HISTORIA DE SAN PEDRO EN FOTOS\u201d<\/p>\n\n\n\n<figure class=\"wp-block-image size-large is-style-rounded\"><img loading=\"lazy\" decoding=\"async\" width=\"401\" height=\"258\" src=\"https:\/\/proyectommm.unam.edu.ar\/wp-content\/uploads\/2021\/05\/image-31.png\" alt=\"\" class=\"wp-image-218\" srcset=\"https:\/\/proyectommm.unam.edu.ar\/wp-content\/uploads\/2021\/05\/image-31.png 401w, https:\/\/proyectommm.unam.edu.ar\/wp-content\/uploads\/2021\/05\/image-31-300x193.png 300w\" sizes=\"auto, (max-width: 401px) 100vw, 401px\" \/><\/figure>\n\n\n\n<p>Construcci\u00f3n del Parador Tur\u00edstico de San Pedro. A\u00f1o 1961<br>Fuente: Colecci\u00f3n Fotogr\u00e1fica Permanente. Museo Cacique Bonifacio Maydana<\/p>\n\n\n\n<p>\u201cAh\u00ed viv\u00ed mi adolescencia y despu\u00e9s viv\u00ed mis primeros a\u00f1os de casada\u201d<br>\u201cViv\u00ed un tiempo de mi infancia en el hospital viejo as\u00ed se llamaba en mi juventud\u201d<br>\u201cYo nac\u00ed ah\u00ed. Era un hospital a\u00f1o 1966 ya se hac\u00eda ces\u00e1rea en San Pedro\u201d<br>\u201cConocido en la d\u00e9cada del 70, como el hospital viejo\u2026pas\u00e1bamos por ah\u00ed para ir a la escuela, tambi\u00e9n sirvi\u00f3 de viviendas a los gendarmes que ven\u00edan de otro lugar\u201d<br>\u201cTambi\u00e9n funcion\u00f3 un tiempo la monot\u00e9cnica.\u201d<br>\u201cQu\u00e9 fotaza, ah\u00ed nac\u00ed yo,1965\u201d<br>\u201cAh\u00ed estaba SADE en el a\u00f1o 74 cuando se hizo la l\u00ednea de alta tensi\u00f3n desde San Pedro a Yrigoyen. Empresa de construcci\u00f3n de l\u00ednea el\u00e9ctrica de alta tensi\u00f3n, dio trabajo a mucha gente de San Pedro\u201d<\/p>\n\n\n\n<p>\u201cLos procesos de construcci\u00f3n intersubjetiva de narrativas personales, el aprendizaje de formas culturales apropiadas para producirlas y compartirlas, son procesos fundamentales en la constituci\u00f3n subjetiva\u201d (Solcoff, 2016)<\/p>\n\n\n\n<p><strong><br><\/strong><\/p>\n","protected":false},"excerpt":{"rendered":"<p>Fue dise\u00f1ado por los Arquitectos Clorindo Testa, Boris Davinovic, Augusto Gaido, Francisco Rossi. El edificio se construy\u00f3 a fines de la D\u00e9cada del 50. No ha llegado a funcionar como parador, pero fue utilizado como Hospital de San Pedro hasta &hellip; <a href=\"https:\/\/proyectommm.unam.edu.ar\/?page_id=212\">Continued<\/a><\/p>\n","protected":false},"author":2,"featured_media":214,"parent":0,"menu_order":0,"comment_status":"closed","ping_status":"closed","template":"","meta":{"kt_blocks_editor_width":"","footnotes":""},"class_list":["post-212","page","type-page","status-publish","has-post-thumbnail","hentry"],"_links":{"self":[{"href":"https:\/\/proyectommm.unam.edu.ar\/index.php?rest_route=\/wp\/v2\/pages\/212","targetHints":{"allow":["GET"]}}],"collection":[{"href":"https:\/\/proyectommm.unam.edu.ar\/index.php?rest_route=\/wp\/v2\/pages"}],"about":[{"href":"https:\/\/proyectommm.unam.edu.ar\/index.php?rest_route=\/wp\/v2\/types\/page"}],"author":[{"embeddable":true,"href":"https:\/\/proyectommm.unam.edu.ar\/index.php?rest_route=\/wp\/v2\/users\/2"}],"replies":[{"embeddable":true,"href":"https:\/\/proyectommm.unam.edu.ar\/index.php?rest_route=%2Fwp%2Fv2%2Fcomments&post=212"}],"version-history":[{"count":4,"href":"https:\/\/proyectommm.unam.edu.ar\/index.php?rest_route=\/wp\/v2\/pages\/212\/revisions"}],"predecessor-version":[{"id":230,"href":"https:\/\/proyectommm.unam.edu.ar\/index.php?rest_route=\/wp\/v2\/pages\/212\/revisions\/230"}],"wp:featuredmedia":[{"embeddable":true,"href":"https:\/\/proyectommm.unam.edu.ar\/index.php?rest_route=\/wp\/v2\/media\/214"}],"wp:attachment":[{"href":"https:\/\/proyectommm.unam.edu.ar\/index.php?rest_route=%2Fwp%2Fv2%2Fmedia&parent=212"}],"curies":[{"name":"wp","href":"https:\/\/api.w.org\/{rel}","templated":true}]}}