{"id":233,"date":"2021-06-03T18:14:41","date_gmt":"2021-06-03T21:14:41","guid":{"rendered":"http:\/\/proyectommm.unam.edu.ar\/?page_id=233"},"modified":"2021-06-03T18:14:41","modified_gmt":"2021-06-03T21:14:41","slug":"usina-sulzer","status":"publish","type":"page","link":"https:\/\/proyectommm.unam.edu.ar\/?page_id=233","title":{"rendered":"Usina Sulzer"},"content":{"rendered":"<p><b>Edificaci\u00f3n<\/b><strong>:<\/strong><br \/>En la d\u00e9cada del \u00b450, la ciudad de Posadas, solo contaba con motores a le\u00f1a para la producci\u00f3n de energ\u00eda, que cubr\u00edan alrededor del 30% del consumo real y una simple red de cableados el\u00e9ctricos que pod\u00edan suministrar de energ\u00eda el\u00e9ctrica a muy pocos sectores.<br \/>Esto nos asegura el presidente del Honorable consejo Juan P. Rivera en el mensaje alentador para la cooperativa de electricidad en 1963 \u201c\u2026La central el\u00e9ctrica sufr\u00eda una merma de sus capacidades y la necesidad de generar una nueva, era de vital importancia para la ciudad\u2026\u201d La nota sigue con la celebraci\u00f3n del \u00e9xito \u201c\u2026 El levantamiento de una gran usina t\u00e9rmica, de capacidad de orden de los 12.000 KW y como complemento, se ha proyectado la renovaci\u00f3n casi total de la vieja red de la baja para la ampliaci\u00f3n de la misma al resto de la ciudad y continuaci\u00f3n de la red de alta con capacidad suficiente para la distribuci\u00f3n de la energ\u00eda que producir\u00e1 la nueva usina\u2026\u201d (cooperativa de electricidad posadas. P\u00e1g. 3, nueva usina).<\/p>\n<p>Arquitectos del proyecto Degiorgi y Mascarino, quienes desarrollaron el proyecto general, los presupuestos y detalles de la obra completa.<br \/>Contaran con la ayuda del Ings. Eugenio Begh\u00e9 para el c\u00e1lculo de las estructuras, y los Ings. Asociados INCONAS para el estudio, calculo y proyecto de las bases de los motores y las obras de captaci\u00f3n de agua para refrigracion de los motores, adem\u00e1s del Ings. Electricista Gustavo Acerete para el estudio de la iluminaci\u00f3n e instalaci\u00f3n el\u00e9ctrica, El Ing. Celso Ri\u00fa para el estudio de la pavimentaci\u00f3n, Ing. Juan Bilbao para el estudio del presupuesto y los t\u00e9cnicos locales Arq. Morales y Pomar; L. Cantero; J. Degiorgi; A. Maximovich; M. Suares; R. Cabral; E. Bojanovich y el asesoramiento del Dr. R. Olmo. (Cooperativa de electricidad Posadas; 1963. Pag. 22)<br \/>Su construcci\u00f3n ser\u00eda llevada a cabo por la empresa Geope construcciones civiles y se equipar\u00eda por motores di\u00e9sel por Sulzer Hnos. de Suiza.<br \/>La obra tendr\u00eda una superficie total de 4.347 m\u00b2, contando con un Subsuelo de 1.065 M2, Planta baja de 2.037 m2, entrepiso de 620 m2, planta Alta de 495m\u00b2 y un sector de Vigilancia de Personal y Vestuarios de 130 m2.<br \/>Se ubicar\u00eda en un terreno provincial otorgado por el plan regulador, cerca de la usina anterior, con vista al rio Paran\u00e1.<br \/>Su inauguraci\u00f3n se llevar\u00eda a cabo en el a\u00f1o 1970, dando por finalizada la obra.<\/p>\n<p>La nueva usina conocida popularmente como Sulzer, va a posicionarse como una obra valiosa e inigualable, generando la energ\u00eda necesaria para la expansi\u00f3n capitalina y tambi\u00e9n nuevos puestos de trabajo de diversa \u00edndole, que compondr\u00edan, a corto y largo plazo, un crecimiento econ\u00f3mico sustancial y visible posteriormente en la calidad de vida de sus pobladores.<\/p>\n<p>Su composici\u00f3n arquitect\u00f3nica que se incorpora en esta obra pertenece a la tendencia del Movimiento Moderno:<\/p>\n<p><strong>Actualidad:<\/strong><\/p>\n<p>Con la firma del tratado entre Argentina y Paraguay para la creaci\u00f3n de la Entidad Binacional Yacyret\u00e1 en 1973 y construcci\u00f3n de la represa hidroel\u00e9ctrica,<br \/>Debido a las obras, la cota del r\u00edo Paran\u00e1 sube, los terrenos a la orilla fueron rellenados con tierra colorada, dejando parte de la obra escondida a la vista.<br \/>Varios barrios fueron trasladados y las casas a la orilla posteriormente destruidos, dej\u00e1ndola a la usina casi sin compa\u00f1eros.<br \/>La primera planificaci\u00f3n territorial de la ciudad de Posadas, queda sin efecto a partir de 1999 con la inauguraci\u00f3n de primer tramo de la avenida costanera, y la que anteriormente era pensada como zona industrial, se convertir\u00eda en un lugar de recreaci\u00f3n y esparcimiento para locales y turistas.<br \/>El escenario actual de la usina con relaci\u00f3n a su entorno, se modific\u00f3 luego de que en 2011 subiera la cota del R\u00edo Paran\u00e1, el terreno colindante fue nivelado con tierra colorada, dejando parte de la obra escondida a la vista de los que pasean por el lugar.<br \/>Debido a estos acontecimientos, el cese de sus actividades como usina principal para la generaci\u00f3n de energ\u00eda el\u00e9ctrica de la ciudad quedo firme, convirti\u00e9ndose en un dep\u00f3sito de almacenamiento de materiales e insumos para la empresa Energ\u00eda de Misiones y taller de reparaci\u00f3n para las maquinarias y veh\u00edculos de la misma.<\/p>\n<p>No quedan m\u00e1s que paredes y maquinarias del edificio de la usina el\u00e9ctrica. Si nos acercamos un poco, a trav\u00e9s de sus vidriados rotos, podemos apreciar las viejas m\u00e1quinas de la empresa Sulzer de suiza, los diferentes niveles y un poco del sub suelo que ahora est\u00e1 cubierto por el agua.<br \/>Su ubicaci\u00f3n estrat\u00e9gica y pr\u00f3xima al balneario le agrega una tonalidad nost\u00e1lgica al barrio, ubicado de frente a uno de los primeros tramos de la avenida costanera.<br \/>Si bien la zona es muy frecuentada por deportistas amateur y familias, en invierno solo se ven pasar algunos autos por su frente.<\/p>\n\n\n<figure class=\"wp-block-image size-large\"><img loading=\"lazy\" decoding=\"async\" width=\"386\" height=\"446\" src=\"https:\/\/proyectommm.unam.edu.ar\/wp-content\/uploads\/2021\/06\/image.png\" alt=\"\" class=\"wp-image-248\" srcset=\"https:\/\/proyectommm.unam.edu.ar\/wp-content\/uploads\/2021\/06\/image.png 386w, https:\/\/proyectommm.unam.edu.ar\/wp-content\/uploads\/2021\/06\/image-260x300.png 260w\" sizes=\"auto, (max-width: 386px) 100vw, 386px\" \/><\/figure>\n\n\n\n<figure class=\"wp-block-image size-large\"><img loading=\"lazy\" decoding=\"async\" width=\"403\" height=\"304\" src=\"https:\/\/proyectommm.unam.edu.ar\/wp-content\/uploads\/2021\/06\/image-2.png\" alt=\"\" class=\"wp-image-250\" srcset=\"https:\/\/proyectommm.unam.edu.ar\/wp-content\/uploads\/2021\/06\/image-2.png 403w, https:\/\/proyectommm.unam.edu.ar\/wp-content\/uploads\/2021\/06\/image-2-300x226.png 300w\" sizes=\"auto, (max-width: 403px) 100vw, 403px\" \/><\/figure>\n\n\n\n<figure class=\"wp-block-image size-large\"><img loading=\"lazy\" decoding=\"async\" width=\"402\" height=\"303\" src=\"https:\/\/proyectommm.unam.edu.ar\/wp-content\/uploads\/2021\/06\/image-3.png\" alt=\"\" class=\"wp-image-251\" srcset=\"https:\/\/proyectommm.unam.edu.ar\/wp-content\/uploads\/2021\/06\/image-3.png 402w, https:\/\/proyectommm.unam.edu.ar\/wp-content\/uploads\/2021\/06\/image-3-300x226.png 300w\" sizes=\"auto, (max-width: 402px) 100vw, 402px\" \/><\/figure>\n\n\n\n<figure class=\"wp-block-image size-large\"><img loading=\"lazy\" decoding=\"async\" width=\"403\" height=\"304\" src=\"https:\/\/proyectommm.unam.edu.ar\/wp-content\/uploads\/2021\/06\/image-4.png\" alt=\"\" class=\"wp-image-252\" srcset=\"https:\/\/proyectommm.unam.edu.ar\/wp-content\/uploads\/2021\/06\/image-4.png 403w, https:\/\/proyectommm.unam.edu.ar\/wp-content\/uploads\/2021\/06\/image-4-300x226.png 300w\" sizes=\"auto, (max-width: 403px) 100vw, 403px\" \/><\/figure>\n\n\n\n<figure class=\"wp-block-image size-large\"><img loading=\"lazy\" decoding=\"async\" width=\"607\" height=\"202\" src=\"https:\/\/proyectommm.unam.edu.ar\/wp-content\/uploads\/2021\/06\/image-5.png\" alt=\"\" class=\"wp-image-253\" srcset=\"https:\/\/proyectommm.unam.edu.ar\/wp-content\/uploads\/2021\/06\/image-5.png 607w, https:\/\/proyectommm.unam.edu.ar\/wp-content\/uploads\/2021\/06\/image-5-300x100.png 300w\" sizes=\"auto, (max-width: 607px) 100vw, 607px\" \/><figcaption>Posadas. Apuntes de acontecimientos y experiencias. Ing. Pedro Jerochov.<\/figcaption><\/figure>\n\n\n\n<figure class=\"wp-block-image size-large is-resized\"><img loading=\"lazy\" decoding=\"async\" src=\"https:\/\/proyectommm.unam.edu.ar\/wp-content\/uploads\/2021\/06\/image-6.png\" alt=\"\" class=\"wp-image-254\" width=\"606\" height=\"407\" srcset=\"https:\/\/proyectommm.unam.edu.ar\/wp-content\/uploads\/2021\/06\/image-6.png 606w, https:\/\/proyectommm.unam.edu.ar\/wp-content\/uploads\/2021\/06\/image-6-300x201.png 300w\" sizes=\"auto, (max-width: 606px) 100vw, 606px\" \/><figcaption>Foto a\u00f1o 1980, de la ex Usina del Puerto. Apuntes de acontecimientos y experiencias. Ing. Pedro Jerochov.<\/figcaption><\/figure>\n\n\n\n<figure class=\"wp-block-image size-large\"><img loading=\"lazy\" decoding=\"async\" width=\"633\" height=\"302\" src=\"https:\/\/proyectommm.unam.edu.ar\/wp-content\/uploads\/2021\/06\/image-7.png\" alt=\"\" class=\"wp-image-255\" srcset=\"https:\/\/proyectommm.unam.edu.ar\/wp-content\/uploads\/2021\/06\/image-7.png 633w, https:\/\/proyectommm.unam.edu.ar\/wp-content\/uploads\/2021\/06\/image-7-300x143.png 300w\" sizes=\"auto, (max-width: 633px) 100vw, 633px\" \/><figcaption>Foto de la Ex usina Sulzer, vista desde la Av. Almafuerte. Apuntes de acontecimientos y experiencias. Ing. Pedro Jerochov.<br><br><br><\/figcaption><\/figure>\n\n\n\n<figure class=\"wp-block-image size-large\"><img loading=\"lazy\" decoding=\"async\" width=\"567\" height=\"300\" src=\"https:\/\/proyectommm.unam.edu.ar\/wp-content\/uploads\/2021\/06\/image-8.png\" alt=\"\" class=\"wp-image-256\" srcset=\"https:\/\/proyectommm.unam.edu.ar\/wp-content\/uploads\/2021\/06\/image-8.png 567w, https:\/\/proyectommm.unam.edu.ar\/wp-content\/uploads\/2021\/06\/image-8-300x159.png 300w\" sizes=\"auto, (max-width: 567px) 100vw, 567px\" \/><figcaption>Fines de 2010 desmantelo de estructura y chapas del techo del galp\u00f3n del taller de automotores. Contratista de la EBY demoli\u00f3 en el predio de la usina todo lo que estaba bajo la cota 84, a continuaci\u00f3n, rellenaron toda la superficie a un nivel algo superior al de la costanera.<br>Apuntes de acontecimientos y experiencias. Ing. Pedro Jerochov<\/figcaption><\/figure>\n\n\n\n<figure class=\"wp-block-image size-large\"><img loading=\"lazy\" decoding=\"async\" width=\"581\" height=\"403\" src=\"https:\/\/proyectommm.unam.edu.ar\/wp-content\/uploads\/2021\/06\/image-9.png\" alt=\"\" class=\"wp-image-257\" srcset=\"https:\/\/proyectommm.unam.edu.ar\/wp-content\/uploads\/2021\/06\/image-9.png 581w, https:\/\/proyectommm.unam.edu.ar\/wp-content\/uploads\/2021\/06\/image-9-300x208.png 300w\" sizes=\"auto, (max-width: 581px) 100vw, 581px\" \/><figcaption>Fotograf\u00eda suministrada por trabajador de Electricidad Misiones Ariel Zanivan.<\/figcaption><\/figure>\n\n\n\n<figure class=\"wp-block-image size-large\"><img loading=\"lazy\" decoding=\"async\" width=\"581\" height=\"401\" src=\"https:\/\/proyectommm.unam.edu.ar\/wp-content\/uploads\/2021\/06\/image-10.png\" alt=\"\" class=\"wp-image-258\" srcset=\"https:\/\/proyectommm.unam.edu.ar\/wp-content\/uploads\/2021\/06\/image-10.png 581w, https:\/\/proyectommm.unam.edu.ar\/wp-content\/uploads\/2021\/06\/image-10-300x207.png 300w\" sizes=\"auto, (max-width: 581px) 100vw, 581px\" \/><figcaption>Fotograf\u00eda suministrada por trabajador de Electricidad Misiones Ariel Zanivan.<\/figcaption><\/figure>\n\n\n\n<figure class=\"wp-block-image size-large\"><img loading=\"lazy\" decoding=\"async\" width=\"586\" height=\"442\" src=\"https:\/\/proyectommm.unam.edu.ar\/wp-content\/uploads\/2021\/06\/image-11.png\" alt=\"\" class=\"wp-image-259\" srcset=\"https:\/\/proyectommm.unam.edu.ar\/wp-content\/uploads\/2021\/06\/image-11.png 586w, https:\/\/proyectommm.unam.edu.ar\/wp-content\/uploads\/2021\/06\/image-11-300x226.png 300w\" sizes=\"auto, (max-width: 586px) 100vw, 586px\" \/><figcaption>Fotograf\u00eda suministrada por trabajador de Electricidad Misiones Ariel Zanivan.<\/figcaption><\/figure>\n","protected":false},"excerpt":{"rendered":"<p>Edificaci\u00f3n:En la d\u00e9cada del \u00b450, la ciudad de Posadas, solo contaba con motores a le\u00f1a para la producci\u00f3n de energ\u00eda, que cubr\u00edan alrededor del 30% del consumo real y una simple red de cableados el\u00e9ctricos que pod\u00edan suministrar de energ\u00eda &hellip; <a href=\"https:\/\/proyectommm.unam.edu.ar\/?page_id=233\">Continued<\/a><\/p>\n","protected":false},"author":2,"featured_media":0,"parent":0,"menu_order":0,"comment_status":"closed","ping_status":"closed","template":"","meta":{"kt_blocks_editor_width":"","footnotes":""},"class_list":["post-233","page","type-page","status-publish","hentry"],"_links":{"self":[{"href":"https:\/\/proyectommm.unam.edu.ar\/index.php?rest_route=\/wp\/v2\/pages\/233","targetHints":{"allow":["GET"]}}],"collection":[{"href":"https:\/\/proyectommm.unam.edu.ar\/index.php?rest_route=\/wp\/v2\/pages"}],"about":[{"href":"https:\/\/proyectommm.unam.edu.ar\/index.php?rest_route=\/wp\/v2\/types\/page"}],"author":[{"embeddable":true,"href":"https:\/\/proyectommm.unam.edu.ar\/index.php?rest_route=\/wp\/v2\/users\/2"}],"replies":[{"embeddable":true,"href":"https:\/\/proyectommm.unam.edu.ar\/index.php?rest_route=%2Fwp%2Fv2%2Fcomments&post=233"}],"version-history":[{"count":1,"href":"https:\/\/proyectommm.unam.edu.ar\/index.php?rest_route=\/wp\/v2\/pages\/233\/revisions"}],"predecessor-version":[{"id":260,"href":"https:\/\/proyectommm.unam.edu.ar\/index.php?rest_route=\/wp\/v2\/pages\/233\/revisions\/260"}],"wp:attachment":[{"href":"https:\/\/proyectommm.unam.edu.ar\/index.php?rest_route=%2Fwp%2Fv2%2Fmedia&parent=233"}],"curies":[{"name":"wp","href":"https:\/\/api.w.org\/{rel}","templated":true}]}}