{"id":57,"date":"2020-11-12T12:53:29","date_gmt":"2020-11-12T15:53:29","guid":{"rendered":"http:\/\/proyectommm.unam.edu.ar\/?page_id=57"},"modified":"2021-07-05T18:34:38","modified_gmt":"2021-07-05T21:34:38","slug":"autoctona","status":"publish","type":"page","link":"https:\/\/proyectommm.unam.edu.ar\/?page_id=57","title":{"rendered":"Revalorizaci\u00f3n del paisajismo aut\u00f3ctono y su importancia en los alojamientos tur\u00edsticos del movimiento moderno en Misiones y la regi\u00f3n"},"content":{"rendered":"\n<p class=\"has-text-align-center\"><\/p>\n\n\n\n<figure class=\"wp-block-image size-large\"><img loading=\"lazy\" decoding=\"async\" width=\"1024\" height=\"576\" src=\"https:\/\/proyectommm.unam.edu.ar\/wp-content\/uploads\/2021\/06\/hotel_aca_eldorado-1024x576.jpg\" alt=\"\" class=\"wp-image-267\" srcset=\"https:\/\/proyectommm.unam.edu.ar\/wp-content\/uploads\/2021\/06\/hotel_aca_eldorado-1024x576.jpg 1024w, https:\/\/proyectommm.unam.edu.ar\/wp-content\/uploads\/2021\/06\/hotel_aca_eldorado-300x169.jpg 300w, https:\/\/proyectommm.unam.edu.ar\/wp-content\/uploads\/2021\/06\/hotel_aca_eldorado-768x432.jpg 768w, https:\/\/proyectommm.unam.edu.ar\/wp-content\/uploads\/2021\/06\/hotel_aca_eldorado-1536x864.jpg 1536w, https:\/\/proyectommm.unam.edu.ar\/wp-content\/uploads\/2021\/06\/hotel_aca_eldorado.jpg 1920w\" sizes=\"auto, (max-width: 1024px) 100vw, 1024px\" \/><figcaption>Foto de archivo MMM<\/figcaption><\/figure>\n\n\n\n<p><strong>Hotel del ACA, Eldorado \u2013 Misiones<\/strong><\/p>\n\n\n\n<p><\/p>\n\n\n\n<p>Originariamente denominado \u201cHotel de Turismo\u201d, actualmente se encuentra bajo la gesti\u00f3n del Autom\u00f3vil Club Argentino, ubicado sobre la calle Esperanza al N\u00b0 450 en la ciudad de Eldorado, al norte de la provincia de Misiones.<\/p>\n\n\n\n<p>&nbsp;Fue construido por Marcos Winograd y los hermanos Sigal y C\u00e9sar Vap\u00f1arsky, tras concursar en 1957 a nivel Nacional por el proyecto arquitect\u00f3nico, el cual formaba parte de un conjunto de complejos edilicios que fueron parte de la segunda etapa del plan del Gobierno provincial, que propon\u00eda crear un Circuito Tur\u00edstico tendiente a unir toda la provincia.<\/p>\n\n\n\n<p>En este edificio del arte moderno se evidencia el equilibrio utilizado entre lo material y natural, armon\u00eda y sinergia en un contexto ecol\u00f3gico estrat\u00e9gico, ofreciendo la puesta en valor de especies arb\u00f3reas y plantas florales aut\u00f3ctonas que forman parte del Patrimonio Natural de Misiones. Logrando fomentar a su conservaci\u00f3n ambiental generando un mayor atractivo tur\u00edstico a partir de atraer diversidad de aves, mariposas, insectos y otros animales de la zona, destacando un valor agregado al complejo hotelero.<\/p>\n\n\n\n<p>A partir de un relevamiento flor\u00edstico en los complejos tur\u00edsticos que integran al movimiento moderno en Misiones, como ser el denominado hotel del ACA, se pretende generar la elaboraci\u00f3n de una metodolog\u00eda de planificaci\u00f3n que a partir de un \u201cCat\u00e1logo bot\u00e1nico aut\u00f3ctono\u201d facilite la identificaci\u00f3n de especies que se encuentren dentro de los predios tur\u00edsticos.<\/p>\n\n\n\n<p>Lograr un paisajismo nativo que acompa\u00f1e al patrimonio arquitect\u00f3nico cultural genera grandes beneficios e intereses ecol\u00f3gicos, culturales, sociales y tur\u00edsticos, como ser:&nbsp; la&nbsp;regulaci\u00f3n h\u00eddrica&nbsp;y temperatura local, prevenci\u00f3n de inundaciones, adaptaci\u00f3n al suelo y al clima, conservaci\u00f3n de la&nbsp;biodiversidad, aumentar la presencia de la fauna local como ser&nbsp;aves y mariposas, enriqueciendo el&nbsp;humus, contribuyendo como controladores naturales y finalmente recrear nuestro&nbsp;paisaje natural de flora y fauna propios de nuestra tierra colorada tan apreciado por los misioneros como por los turistas que nos visitan.<\/p>\n\n\n\n<p>La diversidad de especies nativas y ex\u00f3ticas que comprenden el jard\u00edn del hotel seria a modo de ejemplo para concientizar a los locales con respecto a los beneficios de plantar especies aut\u00f3ctonas de la regi\u00f3n. Por otra parte informar y concientizar los problemas ambientales que generan las especies ex\u00f3ticas en el ecosistema misionero, particularmente las que no se adapten a las condiciones locales.<\/p>\n\n\n\n<p>Lo bot\u00e1nico es un pilar fundamental que acompa\u00f1a a estos edificios considerados patrimonios arquitect\u00f3nicos y su adecuado manejo acompa\u00f1ar\u00e1 a obtener un desarrollo sostenible a los mismos, generando mayor biodiversidad en la regi\u00f3n y obtener un mayor atractivo natural acompa\u00f1ado de especies flor\u00edsticas, frutales, le\u00f1osas y medicinales, adem\u00e1s de generar una mayor atracci\u00f3n para las aves y&nbsp; mariposas, entre otros, que ser\u00e1n de gran apreciaci\u00f3n por los turistas&nbsp; y visitantes a estas instituciones, adem\u00e1s de la contribuci\u00f3n al agravado problema ambiental que acosa al planeta.<\/p>\n\n\n\n<p>Laura Elizabet Vera &#8211;&nbsp;Becada por el Consejo Interuniversitario Nacional.&nbsp;<\/p>\n","protected":false},"excerpt":{"rendered":"<p>Hotel del ACA, Eldorado \u2013 Misiones Originariamente denominado \u201cHotel de Turismo\u201d, actualmente se encuentra bajo la gesti\u00f3n del Autom\u00f3vil Club Argentino, ubicado sobre la calle Esperanza al N\u00b0 450 en la ciudad de Eldorado, al norte de la provincia de &hellip; <a href=\"https:\/\/proyectommm.unam.edu.ar\/?page_id=57\">Continued<\/a><\/p>\n","protected":false},"author":2,"featured_media":267,"parent":0,"menu_order":0,"comment_status":"closed","ping_status":"closed","template":"","meta":{"kt_blocks_editor_width":"","footnotes":""},"class_list":["post-57","page","type-page","status-publish","has-post-thumbnail","hentry"],"_links":{"self":[{"href":"https:\/\/proyectommm.unam.edu.ar\/index.php?rest_route=\/wp\/v2\/pages\/57","targetHints":{"allow":["GET"]}}],"collection":[{"href":"https:\/\/proyectommm.unam.edu.ar\/index.php?rest_route=\/wp\/v2\/pages"}],"about":[{"href":"https:\/\/proyectommm.unam.edu.ar\/index.php?rest_route=\/wp\/v2\/types\/page"}],"author":[{"embeddable":true,"href":"https:\/\/proyectommm.unam.edu.ar\/index.php?rest_route=\/wp\/v2\/users\/2"}],"replies":[{"embeddable":true,"href":"https:\/\/proyectommm.unam.edu.ar\/index.php?rest_route=%2Fwp%2Fv2%2Fcomments&post=57"}],"version-history":[{"count":5,"href":"https:\/\/proyectommm.unam.edu.ar\/index.php?rest_route=\/wp\/v2\/pages\/57\/revisions"}],"predecessor-version":[{"id":277,"href":"https:\/\/proyectommm.unam.edu.ar\/index.php?rest_route=\/wp\/v2\/pages\/57\/revisions\/277"}],"wp:featuredmedia":[{"embeddable":true,"href":"https:\/\/proyectommm.unam.edu.ar\/index.php?rest_route=\/wp\/v2\/media\/267"}],"wp:attachment":[{"href":"https:\/\/proyectommm.unam.edu.ar\/index.php?rest_route=%2Fwp%2Fv2%2Fmedia&parent=57"}],"curies":[{"name":"wp","href":"https:\/\/api.w.org\/{rel}","templated":true}]}}